{"id":3132,"date":"2024-02-20T08:47:51","date_gmt":"2024-02-20T13:47:51","guid":{"rendered":"https:\/\/evaluationveteran.ca\/reservations\/"},"modified":"2024-03-27T10:05:24","modified_gmt":"2024-03-27T14:05:24","slug":"reservations","status":"publish","type":"page","link":"https:\/\/evaluationveteran.ca\/en\/reservations\/","title":{"rendered":"Reservations"},"content":{"rendered":"\n\n\t<section class=\"section\" id=\"section_1164555145\">\n\t\t<div class=\"section-bg fill\" >\n\t\t\t\t\t\t\t\t\t\n\t\t\t\n\n\t\t<\/div>\n\n\t\t\n\n\t\t<div class=\"section-content relative\">\n\t\t\t\n\n<div class=\"row align-center\"  id=\"row-1300684356\">\n\n\n\t<div id=\"col-1314242060\" class=\"col medium-8 small-12 large-8\"  >\n\t\t\t\t<div class=\"col-inner\"  >\n\t\t\t\n\t\t\t\n\n\n\t<section class=\"section\" id=\"section_468724630\">\n\t\t<div class=\"section-bg fill\" >\n\t\t\t\t\t\t\t\t\t\n\t\t\t\n\n\t\t<\/div>\n\n\t\t\n\n\t\t<div class=\"section-content relative\">\n\t\t\t\n\n<div class=\"row align-center\"  id=\"row-2022547526\">\n\n\n\t<div id=\"col-1534945881\" class=\"col small-12 large-12\"  >\n\t\t\t\t<div class=\"col-inner\"  >\n\t\t\t\n\t\t\t\n\n<div class=\"container section-title-container\" ><h3 class=\"section-title section-title-normal\"><b aria-hidden=\"true\"><\/b><span class=\"section-title-main\" style=\"color:rgb(36, 67, 125);\">Find a time that suits you best<\/span><b aria-hidden=\"true\"><\/b><\/h3><\/div>\n\n\t<div id=\"text-1040562194\" class=\"text\">\n\t\t\n\n<p style=\"text-align: left;\">We are pleased to offer you the possibility of booking your condition assessment online. This convenient service lets you choose a time that's convenient for you, and saves you time during your visit.<\/p>\n\t\t\n<style>\n#text-1040562194 {\n  text-align: left;\n}\n<\/style>\n\t<\/div>\n\t\n\t<div id=\"gap-1660243624\" class=\"gap-element clearfix\" style=\"display:block; height:auto;\">\n\t\t\n<style>\n#gap-1660243624 {\n  padding-top: 30px;\n}\n<\/style>\n\t<\/div>\n\t\n\n\n\t\t<div class=\"icon-box featured-box icon-box-left text-left\"  >\n\t\t\t\t\t<div class=\"icon-box-img\" style=\"width: 25px\">\n\t\t\t\t<div class=\"icon\">\n\t\t\t\t\t<div class=\"icon-inner\" style=\"color:rgb(36, 67, 125);\">\n\t\t\t\t\t\t<?xml version=\"1.0\" encoding=\"UTF-8\"?>\n<svg xmlns=\"http:\/\/www.w3.org\/2000\/svg\" xmlns:xlink=\"http:\/\/www.w3.org\/1999\/xlink\" version=\"1.1\" id=\"Layer_1\" x=\"0px\" y=\"0px\" viewBox=\"0 0 24 24\" style=\"enable-background:new 0 0 24 24;\" xml:space=\"preserve\">\n<style type=\"text\/css\">\n\t.st0{fill:#FFFFFF;}\n<\/style>\n<path class=\"st0\" d=\"M0,11c2.8,0.6,6.3,1.7,9,3.4c3.2-4.2,8.8-8.2,15-11.4c-5.9,5.8-10.7,12.3-14,18.9C7.3,18.2,4.5,14.6,0,11z\"><\/path>\n<\/svg>\n\t\t\t\t\t<\/div>\n\t\t\t\t<\/div>\n\t\t\t<\/div>\n\t\t\t\t<div class=\"icon-box-text last-reset\">\n\t\t\t<h5 class=\"uppercase\">To make an appointment:<\/h5>\t\t\t\t\t\t\n\n\t<div id=\"gap-335872182\" class=\"gap-element clearfix\" style=\"display:block; height:auto;\">\n\t\t\n<style>\n#gap-335872182 {\n  padding-top: 30px;\n}\n<\/style>\n\t<\/div>\n\t\n\n<ol>\n<li>Select the type of meeting you need.<\/li>\n<li>Choose a date and time that suits you.<\/li>\n<li>Fill in the appointment form with your personal details.<\/li>\n<li>Confirm your appointment.<\/li>\n<\/ol>\n\n\t\t<\/div>\n\t<\/div>\n\t\n\t\n\t<div id=\"gap-1123506275\" class=\"gap-element clearfix\" style=\"display:block; height:auto;\">\n\t\t\n<style>\n#gap-1123506275 {\n  padding-top: 30px;\n}\n<\/style>\n\t<\/div>\n\t\n\n\n\t\t<\/div>\n\t\t\t\t\t<\/div>\n\n\t\n\n\n\t<div id=\"col-164268641\" class=\"col small-12 large-12\"  >\n\t\t\t\t<div class=\"col-inner\"  >\n\t\t\t\n\t\t\t\n\n\t<div id=\"text-1754831833\" class=\"text\">\n\t\t\n\n<p>\n<script>\n  if (typeof hasAmeliaEntitiesApiCall === 'undefined' && ('' === '' && '' !== '1')) {\n    var hasAmeliaEntitiesApiCall = true;\n  }\n  var ameliaShortcodeData = (typeof ameliaShortcodeData === 'undefined') ? [] : ameliaShortcodeData;\n  ameliaShortcodeData.push(\n    {\n      'hasApiCall': (typeof hasAmeliaEntitiesApiCall !== 'undefined') && hasAmeliaEntitiesApiCall,\n      'trigger': '',\n      'trigger_type': '',\n      'triggered_form': 'cbf',\n      'in_dialog': '',\n      'show': '',\n      'counter': '1000',\n      'package': '',\n      'category': '',\n      'service': '',\n      'employee': '',\n      'location': '',\n      'categories_hidden': ''\n    }\n  );\n  var ameliaShortcodeDataTriggered = (typeof ameliaShortcodeDataTriggered === 'undefined') ? [] : ameliaShortcodeDataTriggered;\n  if (ameliaShortcodeData[ameliaShortcodeData.length - 1].trigger !== '') {\n    if (ameliaShortcodeDataTriggered.filter(a => a.counter === ameliaShortcodeData[ameliaShortcodeData.length - 1].counter).length === 0) {\n      ameliaShortcodeDataTriggered.push(ameliaShortcodeData.pop());\n    } else {\n      ameliaShortcodeData.pop()\n    }\n  }\n  if (typeof hasAmeliaEntitiesApiCall !== 'undefined' && hasAmeliaEntitiesApiCall) {\n    hasAmeliaEntitiesApiCall = false;\n  }\n<\/script>\n\n<div\n  id=\"amelia-v2-booking-1000\"\n  class=\"amelia-v2-booking\"\n>\n    <catalog-form-wrapper><\/catalog-form-wrapper><\/div>\n<\/p>\n\t\t\n<style>\n#text-1754831833 {\n  text-align: left;\n}\n<\/style>\n\t<\/div>\n\t\n\n\t\t<\/div>\n\t\t\t\t\n<style>\n#col-164268641 > .col-inner {\n  margin: 40px 0px 0px 0px;\n}\n<\/style>\n\t<\/div>\n\n\t\n\n<\/div>\n\n\t\t<\/div>\n\n\t\t\n<style>\n#section_468724630 {\n  padding-top: 30px;\n  padding-bottom: 30px;\n}\n<\/style>\n\t<\/section>\n\t\n\n\n\t\t<\/div>\n\t\t\t\t\t<\/div>\n\n\t\n\n<\/div>\n\n\t\t<\/div>\n\n\t\t\n<style>\n#section_1164555145 {\n  padding-top: 30px;\n  padding-bottom: 30px;\n}\n<\/style>\n\t<\/section>\n\t\n\n","protected":false},"excerpt":{"rendered":"","protected":false},"author":1,"featured_media":0,"parent":0,"menu_order":8,"comment_status":"closed","ping_status":"closed","template":"","meta":{"footnotes":""},"class_list":["post-3132","page","type-page","status-publish","hentry"],"yoast_head":"<!-- This site is optimized with the Yoast SEO Premium plugin v21.0 (Yoast SEO v27.3) - https:\/\/yoast.com\/product\/yoast-seo-premium-wordpress\/ -->\n<title>Reservations - \u00c9valuation V\u00e9t\u00e9ran Evaluation<\/title>\n<meta name=\"robots\" content=\"index, follow, max-snippet:-1, max-image-preview:large, max-video-preview:-1\" \/>\n<link rel=\"canonical\" href=\"https:\/\/evaluationveteran.ca\/en\/reservations\/\" \/>\n<meta property=\"og:locale\" content=\"en_US\" \/>\n<meta property=\"og:type\" content=\"article\" \/>\n<meta property=\"og:title\" content=\"Reservations\" \/>\n<meta property=\"og:url\" content=\"https:\/\/evaluationveteran.ca\/en\/reservations\/\" \/>\n<meta property=\"og:site_name\" content=\"\u00c9valuation V\u00e9t\u00e9ran Evaluation\" \/>\n<meta property=\"article:modified_time\" content=\"2024-03-27T14:05:24+00:00\" \/>\n<meta name=\"twitter:card\" content=\"summary_large_image\" \/>\n<script type=\"application\/ld+json\" class=\"yoast-schema-graph\">{\"@context\":\"https:\\\/\\\/schema.org\",\"@graph\":[{\"@type\":\"WebPage\",\"@id\":\"https:\\\/\\\/evaluationveteran.ca\\\/en\\\/reservations\\\/\",\"url\":\"https:\\\/\\\/evaluationveteran.ca\\\/en\\\/reservations\\\/\",\"name\":\"Reservations - \u00c9valuation V\u00e9t\u00e9ran Evaluation\",\"isPartOf\":{\"@id\":\"https:\\\/\\\/evaluationveteran.ca\\\/en\\\/#website\"},\"datePublished\":\"2024-02-20T13:47:51+00:00\",\"dateModified\":\"2024-03-27T14:05:24+00:00\",\"breadcrumb\":{\"@id\":\"https:\\\/\\\/evaluationveteran.ca\\\/en\\\/reservations\\\/#breadcrumb\"},\"inLanguage\":\"en-US\",\"potentialAction\":[{\"@type\":\"ReadAction\",\"target\":[\"https:\\\/\\\/evaluationveteran.ca\\\/en\\\/reservations\\\/\"]}]},{\"@type\":\"BreadcrumbList\",\"@id\":\"https:\\\/\\\/evaluationveteran.ca\\\/en\\\/reservations\\\/#breadcrumb\",\"itemListElement\":[{\"@type\":\"ListItem\",\"position\":1,\"name\":\"Accueil\",\"item\":\"https:\\\/\\\/evaluationveteran.ca\\\/en\\\/accueil\\\/\"},{\"@type\":\"ListItem\",\"position\":2,\"name\":\"Reservations\"}]},{\"@type\":\"WebSite\",\"@id\":\"https:\\\/\\\/evaluationveteran.ca\\\/en\\\/#website\",\"url\":\"https:\\\/\\\/evaluationveteran.ca\\\/en\\\/\",\"name\":\"\u00c9valuation V\u00e9t\u00e9ran Evaluation\",\"description\":\"\",\"potentialAction\":[{\"@type\":\"SearchAction\",\"target\":{\"@type\":\"EntryPoint\",\"urlTemplate\":\"https:\\\/\\\/evaluationveteran.ca\\\/en\\\/?s={search_term_string}\"},\"query-input\":{\"@type\":\"PropertyValueSpecification\",\"valueRequired\":true,\"valueName\":\"search_term_string\"}}],\"inLanguage\":\"en-US\"}]}<\/script>\n<!-- \/ Yoast SEO Premium plugin. -->","yoast_head_json":{"title":"Reservations - \u00c9valuation V\u00e9t\u00e9ran Evaluation","robots":{"index":"index","follow":"follow","max-snippet":"max-snippet:-1","max-image-preview":"max-image-preview:large","max-video-preview":"max-video-preview:-1"},"canonical":"https:\/\/evaluationveteran.ca\/en\/reservations\/","og_locale":"en_US","og_type":"article","og_title":"Reservations","og_url":"https:\/\/evaluationveteran.ca\/en\/reservations\/","og_site_name":"\u00c9valuation V\u00e9t\u00e9ran Evaluation","article_modified_time":"2024-03-27T14:05:24+00:00","twitter_card":"summary_large_image","schema":{"@context":"https:\/\/schema.org","@graph":[{"@type":"WebPage","@id":"https:\/\/evaluationveteran.ca\/en\/reservations\/","url":"https:\/\/evaluationveteran.ca\/en\/reservations\/","name":"Reservations - \u00c9valuation V\u00e9t\u00e9ran Evaluation","isPartOf":{"@id":"https:\/\/evaluationveteran.ca\/en\/#website"},"datePublished":"2024-02-20T13:47:51+00:00","dateModified":"2024-03-27T14:05:24+00:00","breadcrumb":{"@id":"https:\/\/evaluationveteran.ca\/en\/reservations\/#breadcrumb"},"inLanguage":"en-US","potentialAction":[{"@type":"ReadAction","target":["https:\/\/evaluationveteran.ca\/en\/reservations\/"]}]},{"@type":"BreadcrumbList","@id":"https:\/\/evaluationveteran.ca\/en\/reservations\/#breadcrumb","itemListElement":[{"@type":"ListItem","position":1,"name":"Accueil","item":"https:\/\/evaluationveteran.ca\/en\/accueil\/"},{"@type":"ListItem","position":2,"name":"Reservations"}]},{"@type":"WebSite","@id":"https:\/\/evaluationveteran.ca\/en\/#website","url":"https:\/\/evaluationveteran.ca\/en\/","name":"\u00c9valuation V\u00e9t\u00e9ran Evaluation","description":"","potentialAction":[{"@type":"SearchAction","target":{"@type":"EntryPoint","urlTemplate":"https:\/\/evaluationveteran.ca\/en\/?s={search_term_string}"},"query-input":{"@type":"PropertyValueSpecification","valueRequired":true,"valueName":"search_term_string"}}],"inLanguage":"en-US"}]}},"_links":{"self":[{"href":"https:\/\/evaluationveteran.ca\/en\/wp-json\/wp\/v2\/pages\/3132","targetHints":{"allow":["GET"]}}],"collection":[{"href":"https:\/\/evaluationveteran.ca\/en\/wp-json\/wp\/v2\/pages"}],"about":[{"href":"https:\/\/evaluationveteran.ca\/en\/wp-json\/wp\/v2\/types\/page"}],"author":[{"embeddable":true,"href":"https:\/\/evaluationveteran.ca\/en\/wp-json\/wp\/v2\/users\/1"}],"replies":[{"embeddable":true,"href":"https:\/\/evaluationveteran.ca\/en\/wp-json\/wp\/v2\/comments?post=3132"}],"version-history":[{"count":2,"href":"https:\/\/evaluationveteran.ca\/en\/wp-json\/wp\/v2\/pages\/3132\/revisions"}],"predecessor-version":[{"id":3168,"href":"https:\/\/evaluationveteran.ca\/en\/wp-json\/wp\/v2\/pages\/3132\/revisions\/3168"}],"wp:attachment":[{"href":"https:\/\/evaluationveteran.ca\/en\/wp-json\/wp\/v2\/media?parent=3132"}],"curies":[{"name":"wp","href":"https:\/\/api.w.org\/{rel}","templated":true}]}}